{"id":9,"date":"2020-11-26T21:59:29","date_gmt":"2020-11-27T00:59:29","guid":{"rendered":"https:\/\/poiesisterapia.wordpress.com\/?page_id=9"},"modified":"2025-01-05T14:20:07","modified_gmt":"2025-01-05T17:20:07","slug":"psicologoclinico","status":"publish","type":"page","link":"https:\/\/espacopoiesis.com\/index.php\/psicologoclinico\/","title":{"rendered":"Sobre"},"content":{"rendered":"\t\t<div data-elementor-type=\"wp-page\" data-elementor-id=\"9\" class=\"elementor elementor-9\">\n\t\t\t\t\t\t<section class=\"elementor-section elementor-top-section elementor-element elementor-element-555a2b8 elementor-section-boxed elementor-section-height-default elementor-section-height-default\" data-id=\"555a2b8\" data-element_type=\"section\" data-e-type=\"section\">\n\t\t\t\t\t\t<div class=\"elementor-container elementor-column-gap-default\">\n\t\t\t\t\t<div class=\"elementor-column elementor-col-50 elementor-top-column elementor-element elementor-element-0f1b8cc\" data-id=\"0f1b8cc\" data-element_type=\"column\" data-e-type=\"column\">\n\t\t\t<div class=\"elementor-widget-wrap elementor-element-populated\">\n\t\t\t\t\t\t<div class=\"elementor-element elementor-element-b5f0775 elementor-invisible elementor-widget elementor-widget-image\" data-id=\"b5f0775\" data-element_type=\"widget\" data-e-type=\"widget\" data-settings=\"{&quot;_animation&quot;:&quot;fadeInUp&quot;}\" data-widget_type=\"image.default\">\n\t\t\t\t<div class=\"elementor-widget-container\">\n\t\t\t\t\t\t\t\t\t\t\t\t\t\t\t<img fetchpriority=\"high\" decoding=\"async\" width=\"749\" height=\"749\" src=\"https:\/\/espacopoiesis.com\/wp-content\/uploads\/2025\/01\/perfil.png\" class=\"attachment-large size-large wp-image-1015\" alt=\"\" srcset=\"https:\/\/espacopoiesis.com\/wp-content\/uploads\/2025\/01\/perfil.png 749w, https:\/\/espacopoiesis.com\/wp-content\/uploads\/2025\/01\/perfil-300x300.png 300w, https:\/\/espacopoiesis.com\/wp-content\/uploads\/2025\/01\/perfil-150x150.png 150w\" sizes=\"(max-width: 749px) 100vw, 749px\" \/>\t\t\t\t\t\t\t\t\t\t\t\t\t\t\t<\/div>\n\t\t\t\t<\/div>\n\t\t\t\t\t<\/div>\n\t\t<\/div>\n\t\t\t\t<div class=\"elementor-column elementor-col-50 elementor-top-column elementor-element elementor-element-16b9b69\" data-id=\"16b9b69\" data-element_type=\"column\" data-e-type=\"column\">\n\t\t\t<div class=\"elementor-widget-wrap elementor-element-populated\">\n\t\t\t\t\t\t<div class=\"elementor-element elementor-element-7c98b1b elementor-widget__width-initial elementor-invisible elementor-widget elementor-widget-text-editor\" data-id=\"7c98b1b\" data-element_type=\"widget\" data-e-type=\"widget\" data-settings=\"{&quot;_animation&quot;:&quot;fadeInUp&quot;}\" data-widget_type=\"text-editor.default\">\n\t\t\t\t<div class=\"elementor-widget-container\">\n\t\t\t\t\t\t\t\t\t<p style=\"font-size: 18px; text-align: left;\"><span style=\"font-family: arial, helvetica, sans-serif;\">Sou Carlos Wesley, psic\u00f3logo (06\/150659) pela Universidade Anhembi Morumbi. Especialista em Psicologia Cl\u00ednica Hospitalar pela Faculdade de Medicina da USP, especialista em Sa\u00fade Coletiva pela FAPSS e mestrando em Sa\u00fade Coletiva pela Universidade Federal de S\u00e3o Paulo.<\/span><\/p>\n<p style=\"font-size: 18px; text-align: left;\"><span style=\"color: var( --e-global-color-text ); font-family: arial, helvetica, sans-serif; font-weight: var( --e-global-typography-text-font-weight );\">Possuo experi\u00eancia em Psicologia Cl\u00ednica\u00a0desde 2019, atendendo diversas demandas em sa\u00fade mental, como transtornos de humor, transtornos de personalidade e transtornos por uso de subst\u00e2ncias\/depend\u00eancia qu\u00edmica. Tamb\u00e9m atuo diretamente com sa\u00fade da popula\u00e7\u00e3o LGBT, negra e masculina.\u00a0<\/span><\/p>\n<p style=\"box-sizing: border-box; -webkit-tap-highlight-color: transparent; margin: 0px 0px 15px; font-size: 18px; line-height: 1.618; color: #7a7a7a; font-family: Helvetica, sans-serif; font-style: normal; font-variant-ligatures: normal; font-variant-caps: normal; font-weight: 400; letter-spacing: normal; orphans: 2; text-indent: 0px; text-transform: none; widows: 2; word-spacing: 0px; -webkit-text-stroke-width: 0px; white-space: normal; background-color: #ffffff; text-decoration-thickness: initial; text-decoration-style: initial; text-decoration-color: initial; text-align: left;\"><span style=\"font-family: arial, helvetica, sans-serif;\"><span style=\"box-sizing: border-box; -webkit-tap-highlight-color: transparent; color: var( --e-global-color-text ); font-weight: var( --e-global-typography-text-font-weight );\">Atualmente tamb\u00e9m sou Psic\u00f3logo no setor de Psiquiatria do Hospital das Cl\u00ednicas da FMUSP, com \u00eanfase\u00a0nos transtornos por uso de Subst\u00e2ncias \/ Depend\u00eancia Qu\u00edmica<\/span><span style=\"box-sizing: border-box; -webkit-tap-highlight-color: transparent; font-size: inherit; color: var( --e-global-color-text ); font-weight: var( --e-global-typography-text-font-weight );\">.<\/span><\/span><\/p>\n<p style=\"font-size: 18px; text-align: left;\"><span style=\"color: var( --e-global-color-text ); font-family: arial, helvetica, sans-serif; font-weight: var( --e-global-typography-text-font-weight );\">Idealizei o Espa\u00e7o Poiesis como um consult\u00f3rio de psicologia capaz de acolher e promover sa\u00fade de modo integral; um lugar em que seja poss\u00edvel refletir e projetar uma experi\u00eancia de vida mais aut\u00eantica.<\/span><\/p>\n<p style=\"text-align: left;\"><a href=\"https:\/\/espacopoiesis.com\/index.php\/agendamento\/\" style=\"font-size: inherit; font-family: var( --e-global-typography-text-font-family ), Sans-serif; font-weight: var( --e-global-typography-text-font-weight ); background-color: #ffffff;\">Fale comigo.<\/a><\/p>\n<p style=\"text-align: left;\"><!-- \/wp:paragraph --><!-- wp:paragraph --><\/p>\t\t\t\t\t\t\t\t<\/div>\n\t\t\t\t<\/div>\n\t\t\t\t\t<\/div>\n\t\t<\/div>\n\t\t\t\t\t<\/div>\n\t\t<\/section>\n\t\t\t\t<\/div>\n\t\t","protected":false},"excerpt":{"rendered":"<p>Sou Carlos Wesley, psic\u00f3logo (06\/150659) pela Universidade Anhembi Morumbi. Especialista em Psicologia Cl\u00ednica Hospitalar pela Faculdade de Medicina da USP, especialista em Sa\u00fade Coletiva pela FAPSS e mestrando em Sa\u00fade Coletiva pela Universidade Federal de S\u00e3o Paulo. Possuo experi\u00eancia em Psicologia Cl\u00ednica\u00a0desde 2019, atendendo diversas demandas em sa\u00fade mental, como [&hellip;]<\/p>\n","protected":false},"author":1,"featured_media":0,"parent":0,"menu_order":0,"comment_status":"closed","ping_status":"closed","template":"","meta":{"footnotes":""},"class_list":["post-9","page","type-page","status-publish","hentry"],"aioseo_notices":[],"_links":{"self":[{"href":"https:\/\/espacopoiesis.com\/index.php\/wp-json\/wp\/v2\/pages\/9","targetHints":{"allow":["GET"]}}],"collection":[{"href":"https:\/\/espacopoiesis.com\/index.php\/wp-json\/wp\/v2\/pages"}],"about":[{"href":"https:\/\/espacopoiesis.com\/index.php\/wp-json\/wp\/v2\/types\/page"}],"author":[{"embeddable":true,"href":"https:\/\/espacopoiesis.com\/index.php\/wp-json\/wp\/v2\/users\/1"}],"replies":[{"embeddable":true,"href":"https:\/\/espacopoiesis.com\/index.php\/wp-json\/wp\/v2\/comments?post=9"}],"version-history":[{"count":39,"href":"https:\/\/espacopoiesis.com\/index.php\/wp-json\/wp\/v2\/pages\/9\/revisions"}],"predecessor-version":[{"id":1050,"href":"https:\/\/espacopoiesis.com\/index.php\/wp-json\/wp\/v2\/pages\/9\/revisions\/1050"}],"wp:attachment":[{"href":"https:\/\/espacopoiesis.com\/index.php\/wp-json\/wp\/v2\/media?parent=9"}],"curies":[{"name":"wp","href":"https:\/\/api.w.org\/{rel}","templated":true}]}}