{"id":667,"date":"2021-06-01T02:07:49","date_gmt":"2021-06-01T05:07:49","guid":{"rendered":"https:\/\/espacopoiesis.com\/?page_id=667"},"modified":"2021-06-01T21:53:35","modified_gmt":"2021-06-02T00:53:35","slug":"blog-2","status":"publish","type":"page","link":"https:\/\/espacopoiesis.com\/index.php\/blog-2\/","title":{"rendered":"Blog: Poiesis: Psicologia, Sa\u00fade e Arte"},"content":{"rendered":"\n<div class=\"wp-block-media-text alignwide is-stacked-on-mobile\"><figure class=\"wp-block-media-text__media\"><img fetchpriority=\"high\" decoding=\"async\" width=\"565\" height=\"800\" src=\"https:\/\/espacopoiesis.com\/wp-content\/uploads\/2021\/06\/abstract-watercolour-tree-in-red-steve-and-jenni-thorp.jpg\" alt=\"Ilstra\u00e7\u00e3o de \u00e1rvore representando o blog do espa\u00e7o poiesis sobre psicologia, filosofia, sa\u00fade e arte.\" class=\"wp-image-669 size-full\" srcset=\"https:\/\/espacopoiesis.com\/wp-content\/uploads\/2021\/06\/abstract-watercolour-tree-in-red-steve-and-jenni-thorp.jpg 565w, https:\/\/espacopoiesis.com\/wp-content\/uploads\/2021\/06\/abstract-watercolour-tree-in-red-steve-and-jenni-thorp-212x300.jpg 212w\" sizes=\"(max-width: 565px) 100vw, 565px\" \/><\/figure><div class=\"wp-block-media-text__content\">\n<p class=\"has-large-font-size\">Explore o blog <strong><a href=\"https:\/\/espacopoiesis.com\/index.php\/tag\/clinica-de-psicologia\/\" title=\"Cl\u00ednica de Psicologia\">Espa\u00e7o Poiesis<\/a><\/strong> para ler sobre temas cl\u00e1ssicos de psicologia, an\u00e1lises de obras de arte, filosofia existencialista e sa\u00fade.<\/p>\n<\/div><\/div>\n\n\n<div id=\"bdpp-post-masonry-1\" class=\"bdpp-wrap bdpp-lite bdpp-post-masonry-wrap bdpp-post-grid-wrap bdpp-post-data-wrap bdpp-design-2 bdpp-effect-2 bdpp-grid-3  bdpp-clearfix\">\r\n\t<div class=\"bdpp-post-masonry-inr-wrap bdpp-post-data-inr-wrap bdpp-clearfix\"><div class=\"bdpp-post-grid bdpp-col-3 bdpp-columns bdpp-post-780 bdpp-post-standard bdpp-has-thumb\">\r\n\t<div class=\"bdpp-post-grid-content\">\r\n\t\t\t\t<div class=\"bdpp-post-img-bg\">\r\n\t\t\t<a href=\"https:\/\/espacopoiesis.com\/index.php\/2021\/07\/02\/depressao-conheca-sintomas-diagnostico-e-tratamento\/\">\r\n\t\t\t\t<img decoding=\"async\" src=\"https:\/\/espacopoiesis.com\/wp-content\/uploads\/2021\/07\/THUMBNAIL_T_DAYB_HS.png\" class=\"bdpp-img bdpp-post-feat-img\" alt=\"Depress\u00e3o: conhe\u00e7a sintomas, diagn\u00f3stico e tratamento\" \/>\r\n\t\t\t<\/a>\r\n\t\t<\/div>\r\n\t\t\r\n\t\t<div class=\"bdpp-post-margin-content\">\r\n\t\t\t\r\n\t\t\t<h2 class=\"bdpp-post-title\">\r\n\t\t\t\t<a href=\"https:\/\/espacopoiesis.com\/index.php\/2021\/07\/02\/depressao-conheca-sintomas-diagnostico-e-tratamento\/\">Depress\u00e3o: conhe\u00e7a sintomas, diagn\u00f3stico e tratamento<\/a>\r\n\t\t\t<\/h2>\r\n\r\n\t\t\t\t\t\t<div class=\"bdpp-post-meta bdpp-post-meta-up\">\r\n\t\t\t\t<span class=\"bdpp-post-meta-data bdpp-post-author\"><i class=\"bdpp-fa fa-solid fa-user\"><\/i>Carlos Wesley<\/span>\t\t\t<\/div>\r\n\t\t\t\t\t\t<div class=\"bdpp-post-content\">\r\n\t\t\t\t<div class=\"bdpp-post-desc\">Entenda a depress\u00e3o: sintomas, diagn\u00f3stico, tratamento do transtorno que hoje \u00e9 uma das maiores causas de incapacita\u00e7\u00e3o no mundo. Consulte...<\/div>\r\n\t\t\t\t\t\t\t\t<a href=\"https:\/\/espacopoiesis.com\/index.php\/2021\/07\/02\/depressao-conheca-sintomas-diagnostico-e-tratamento\/\" class=\"bdpp-rdmr-btn\">Leia mais<\/a>\r\n\t\t\t\t\t\t\t<\/div>\r\n\t\t\t\t\t<\/div>\r\n\t<\/div>\r\n<\/div><div class=\"bdpp-post-grid bdpp-col-3 bdpp-columns bdpp-post-540 bdpp-post-standard bdpp-no-thumb\">\r\n\t<div class=\"bdpp-post-grid-content\">\r\n\t\t\r\n\t\t<div class=\"bdpp-post-margin-content\">\r\n\t\t\t\r\n\t\t\t<h2 class=\"bdpp-post-title\">\r\n\t\t\t\t<a href=\"https:\/\/espacopoiesis.com\/index.php\/2021\/05\/08\/misterio-do-planeta-novos-baianos-uma-leitura-gestaltica\/\">&#8220;Mist\u00e9rio do Planeta &#8211; Novos Baianos&#8221;, uma leitura Gest\u00e1ltica<\/a>\r\n\t\t\t<\/h2>\r\n\r\n\t\t\t\t\t\t<div class=\"bdpp-post-meta bdpp-post-meta-up\">\r\n\t\t\t\t<span class=\"bdpp-post-meta-data bdpp-post-author\"><i class=\"bdpp-fa fa-solid fa-user\"><\/i>Carlos Wesley<\/span>\t\t\t<\/div>\r\n\t\t\t\t\t\t<div class=\"bdpp-post-content\">\r\n\t\t\t\t<div class=\"bdpp-post-desc\">A m\u00fasica Mist\u00e9rio do Planeta, do grupo Novos Baianos, pode exemplificar de forma po\u00e9tica algumas das bases da proposta psicoterap\u00eautica...<\/div>\r\n\t\t\t\t\t\t\t\t<a href=\"https:\/\/espacopoiesis.com\/index.php\/2021\/05\/08\/misterio-do-planeta-novos-baianos-uma-leitura-gestaltica\/\" class=\"bdpp-rdmr-btn\">Leia mais<\/a>\r\n\t\t\t\t\t\t\t<\/div>\r\n\t\t\t\t\t<\/div>\r\n\t<\/div>\r\n<\/div><div class=\"bdpp-post-grid bdpp-col-3 bdpp-columns bdpp-post-531 bdpp-post-standard bdpp-has-thumb\">\r\n\t<div class=\"bdpp-post-grid-content\">\r\n\t\t\t\t<div class=\"bdpp-post-img-bg\">\r\n\t\t\t<a href=\"https:\/\/espacopoiesis.com\/index.php\/2021\/04\/21\/o-papel-da-intimidade-nos-relacionamentos\/\">\r\n\t\t\t\t<img decoding=\"async\" src=\"https:\/\/espacopoiesis.com\/wp-content\/uploads\/2021\/04\/Milan-Kundera-risiveis-1024x1024.jpg\" class=\"bdpp-img bdpp-post-feat-img\" alt=\"O papel da intimidade nos relacionamentos\" \/>\r\n\t\t\t<\/a>\r\n\t\t<\/div>\r\n\t\t\r\n\t\t<div class=\"bdpp-post-margin-content\">\r\n\t\t\t\r\n\t\t\t<h2 class=\"bdpp-post-title\">\r\n\t\t\t\t<a href=\"https:\/\/espacopoiesis.com\/index.php\/2021\/04\/21\/o-papel-da-intimidade-nos-relacionamentos\/\">O papel da intimidade nos relacionamentos<\/a>\r\n\t\t\t<\/h2>\r\n\r\n\t\t\t\t\t\t<div class=\"bdpp-post-meta bdpp-post-meta-up\">\r\n\t\t\t\t<span class=\"bdpp-post-meta-data bdpp-post-author\"><i class=\"bdpp-fa fa-solid fa-user\"><\/i>Carlos Wesley<\/span>\t\t\t<\/div>\r\n\t\t\t\t\t\t<div class=\"bdpp-post-content\">\r\n\t\t\t\t<div class=\"bdpp-post-desc\">A import\u00e2ncia da experi\u00eancia corporal, antes dos processo de racionaliza\u00e7\u00e3o dos afetos, foi um importante aspecto da fenomenologia de Merleau-Ponty...<\/div>\r\n\t\t\t\t\t\t\t\t<a href=\"https:\/\/espacopoiesis.com\/index.php\/2021\/04\/21\/o-papel-da-intimidade-nos-relacionamentos\/\" class=\"bdpp-rdmr-btn\">Leia mais<\/a>\r\n\t\t\t\t\t\t\t<\/div>\r\n\t\t\t\t\t<\/div>\r\n\t<\/div>\r\n<\/div><div class=\"bdpp-post-grid bdpp-col-3 bdpp-columns bdpp-post-198 bdpp-post-standard bdpp-has-thumb\">\r\n\t<div class=\"bdpp-post-grid-content\">\r\n\t\t\t\t<div class=\"bdpp-post-img-bg\">\r\n\t\t\t<a href=\"https:\/\/espacopoiesis.com\/index.php\/2021\/01\/25\/dependencia-afetiva\/\">\r\n\t\t\t\t<img decoding=\"async\" src=\"https:\/\/poiesisterapia.files.wordpress.com\/2020\/12\/abramovic.jpeg?w=819\" class=\"bdpp-img bdpp-post-feat-img\" alt=\"Depend\u00eancia Afetiva\" \/>\r\n\t\t\t<\/a>\r\n\t\t<\/div>\r\n\t\t\r\n\t\t<div class=\"bdpp-post-margin-content\">\r\n\t\t\t\r\n\t\t\t<h2 class=\"bdpp-post-title\">\r\n\t\t\t\t<a href=\"https:\/\/espacopoiesis.com\/index.php\/2021\/01\/25\/dependencia-afetiva\/\">Depend\u00eancia Afetiva<\/a>\r\n\t\t\t<\/h2>\r\n\r\n\t\t\t\t\t\t<div class=\"bdpp-post-meta bdpp-post-meta-up\">\r\n\t\t\t\t<span class=\"bdpp-post-meta-data bdpp-post-author\"><i class=\"bdpp-fa fa-solid fa-user\"><\/i>Carlos Wesley<\/span>\t\t\t<\/div>\r\n\t\t\t\t\t\t<div class=\"bdpp-post-content\">\r\n\t\t\t\t<div class=\"bdpp-post-desc\">Neste trabalho os dois art\u00edstas constru\u00edram uma representa\u00e7\u00e3o das rela\u00e7\u00f5es afetivas marcadas por uma entrega profunda e ao mesmo tempo...<\/div>\r\n\t\t\t\t\t\t\t\t<a href=\"https:\/\/espacopoiesis.com\/index.php\/2021\/01\/25\/dependencia-afetiva\/\" class=\"bdpp-rdmr-btn\">Leia mais<\/a>\r\n\t\t\t\t\t\t\t<\/div>\r\n\t\t\t\t\t<\/div>\r\n\t<\/div>\r\n<\/div><div class=\"bdpp-post-grid bdpp-col-3 bdpp-columns bdpp-post-297 bdpp-post-standard bdpp-has-thumb\">\r\n\t<div class=\"bdpp-post-grid-content\">\r\n\t\t\t\t<div class=\"bdpp-post-img-bg\">\r\n\t\t\t<a href=\"https:\/\/espacopoiesis.com\/index.php\/2021\/01\/16\/enfrentandooluto\/\">\r\n\t\t\t\t<img decoding=\"async\" src=\"https:\/\/upload.wikimedia.org\/wikipedia\/commons\/d\/d2\/Van_Gogh_-_Trauernder_alter_Mann.jpeg\" class=\"bdpp-img bdpp-post-feat-img\" alt=\"Enfrentando o luto e a perda\" \/>\r\n\t\t\t<\/a>\r\n\t\t<\/div>\r\n\t\t\r\n\t\t<div class=\"bdpp-post-margin-content\">\r\n\t\t\t\r\n\t\t\t<h2 class=\"bdpp-post-title\">\r\n\t\t\t\t<a href=\"https:\/\/espacopoiesis.com\/index.php\/2021\/01\/16\/enfrentandooluto\/\">Enfrentando o luto e a perda<\/a>\r\n\t\t\t<\/h2>\r\n\r\n\t\t\t\t\t\t<div class=\"bdpp-post-meta bdpp-post-meta-up\">\r\n\t\t\t\t<span class=\"bdpp-post-meta-data bdpp-post-author\"><i class=\"bdpp-fa fa-solid fa-user\"><\/i>Carlos Wesley<\/span>\t\t\t<\/div>\r\n\t\t\t\t\t\t<div class=\"bdpp-post-content\">\r\n\t\t\t\t<div class=\"bdpp-post-desc\">O poema A Viagem de Ana Martins Marques, ganhou visibilidade nacional ao figurar na prova de Linguagens e Suas Tecnologias...<\/div>\r\n\t\t\t\t\t\t\t\t<a href=\"https:\/\/espacopoiesis.com\/index.php\/2021\/01\/16\/enfrentandooluto\/\" class=\"bdpp-rdmr-btn\">Leia mais<\/a>\r\n\t\t\t\t\t\t\t<\/div>\r\n\t\t\t\t\t<\/div>\r\n\t<\/div>\r\n<\/div><div class=\"bdpp-post-grid bdpp-col-3 bdpp-columns bdpp-post-225 bdpp-post-standard bdpp-has-thumb\">\r\n\t<div class=\"bdpp-post-grid-content\">\r\n\t\t\t\t<div class=\"bdpp-post-img-bg\">\r\n\t\t\t<a href=\"https:\/\/espacopoiesis.com\/index.php\/2021\/01\/11\/a-fugacidade-do-cotidiano\/\">\r\n\t\t\t\t<img decoding=\"async\" src=\"https:\/\/upload.wikimedia.org\/wikipedia\/commons\/c\/c2\/Pieter_Bruegel_de_Oude_-_De_val_van_Icarus.jpg\" class=\"bdpp-img bdpp-post-feat-img\" alt=\"A fugacidade do cotidiano\" \/>\r\n\t\t\t<\/a>\r\n\t\t<\/div>\r\n\t\t\r\n\t\t<div class=\"bdpp-post-margin-content\">\r\n\t\t\t\r\n\t\t\t<h2 class=\"bdpp-post-title\">\r\n\t\t\t\t<a href=\"https:\/\/espacopoiesis.com\/index.php\/2021\/01\/11\/a-fugacidade-do-cotidiano\/\">A fugacidade do cotidiano<\/a>\r\n\t\t\t<\/h2>\r\n\r\n\t\t\t\t\t\t<div class=\"bdpp-post-meta bdpp-post-meta-up\">\r\n\t\t\t\t<span class=\"bdpp-post-meta-data bdpp-post-author\"><i class=\"bdpp-fa fa-solid fa-user\"><\/i>Carlos Wesley<\/span>\t\t\t<\/div>\r\n\t\t\t\t\t\t<div class=\"bdpp-post-content\">\r\n\t\t\t\t<div class=\"bdpp-post-desc\">O quadro &quot;A Queda de \u00cdcaro&quot;, atribu\u00eddo ao pintor holand\u00eas Pieter Bruegel (embora haja controversias), representa o mito grego de...<\/div>\r\n\t\t\t\t\t\t\t\t<a href=\"https:\/\/espacopoiesis.com\/index.php\/2021\/01\/11\/a-fugacidade-do-cotidiano\/\" class=\"bdpp-rdmr-btn\">Leia mais<\/a>\r\n\t\t\t\t\t\t\t<\/div>\r\n\t\t\t\t\t<\/div>\r\n\t<\/div>\r\n<\/div><div class=\"bdpp-post-grid bdpp-col-3 bdpp-columns bdpp-post-296 bdpp-post-standard bdpp-has-thumb\">\r\n\t<div class=\"bdpp-post-grid-content\">\r\n\t\t\t\t<div class=\"bdpp-post-img-bg\">\r\n\t\t\t<a href=\"https:\/\/espacopoiesis.com\/index.php\/2021\/01\/09\/liberdade-e-angustia\/\">\r\n\t\t\t\t<img decoding=\"async\" src=\"https:\/\/espacopoiesis.com\/wp-content\/uploads\/2021\/06\/bird-819x1024.jpg\" class=\"bdpp-img bdpp-post-feat-img\" alt=\"Liberdade e Ang\u00fastia\" \/>\r\n\t\t\t<\/a>\r\n\t\t<\/div>\r\n\t\t\r\n\t\t<div class=\"bdpp-post-margin-content\">\r\n\t\t\t\r\n\t\t\t<h2 class=\"bdpp-post-title\">\r\n\t\t\t\t<a href=\"https:\/\/espacopoiesis.com\/index.php\/2021\/01\/09\/liberdade-e-angustia\/\">Liberdade e Ang\u00fastia<\/a>\r\n\t\t\t<\/h2>\r\n\r\n\t\t\t\t\t\t<div class=\"bdpp-post-meta bdpp-post-meta-up\">\r\n\t\t\t\t<span class=\"bdpp-post-meta-data bdpp-post-author\"><i class=\"bdpp-fa fa-solid fa-user\"><\/i>Carlos Wesley<\/span>\t\t\t<\/div>\r\n\t\t\t\t\t\t<div class=\"bdpp-post-content\">\r\n\t\t\t\t<div class=\"bdpp-post-desc\">&quot;Nunca se pode saber o que se deve querer porque s\u00f3 se tem uma vida que n\u00e3o pode ser comparada...<\/div>\r\n\t\t\t\t\t\t\t\t<a href=\"https:\/\/espacopoiesis.com\/index.php\/2021\/01\/09\/liberdade-e-angustia\/\" class=\"bdpp-rdmr-btn\">Leia mais<\/a>\r\n\t\t\t\t\t\t\t<\/div>\r\n\t\t\t\t\t<\/div>\r\n\t<\/div>\r\n<\/div><div class=\"bdpp-post-grid bdpp-col-3 bdpp-columns bdpp-post-191 bdpp-post-standard bdpp-has-thumb\">\r\n\t<div class=\"bdpp-post-grid-content\">\r\n\t\t\t\t<div class=\"bdpp-post-img-bg\">\r\n\t\t\t<a href=\"https:\/\/espacopoiesis.com\/index.php\/2021\/01\/04\/aprendendo-com-o-sofrimento\/\">\r\n\t\t\t\t<img decoding=\"async\" src=\"https:\/\/espacopoiesis.com\/wp-content\/uploads\/2021\/01\/kintsugi-cup-1024x1024.jpg\" class=\"bdpp-img bdpp-post-feat-img\" alt=\"Aprendendo com o sofrimento\" \/>\r\n\t\t\t<\/a>\r\n\t\t<\/div>\r\n\t\t\r\n\t\t<div class=\"bdpp-post-margin-content\">\r\n\t\t\t\r\n\t\t\t<h2 class=\"bdpp-post-title\">\r\n\t\t\t\t<a href=\"https:\/\/espacopoiesis.com\/index.php\/2021\/01\/04\/aprendendo-com-o-sofrimento\/\">Aprendendo com o sofrimento<\/a>\r\n\t\t\t<\/h2>\r\n\r\n\t\t\t\t\t\t<div class=\"bdpp-post-meta bdpp-post-meta-up\">\r\n\t\t\t\t<span class=\"bdpp-post-meta-data bdpp-post-author\"><i class=\"bdpp-fa fa-solid fa-user\"><\/i>Carlos Wesley<\/span>\t\t\t<\/div>\r\n\t\t\t\t\t\t<div class=\"bdpp-post-content\">\r\n\t\t\t\t<div class=\"bdpp-post-desc\">Manuel Bandeira foi uma importante figura do movimento modernista brasileiro, conhecido por extrair reflex\u00f5es profundas de eventos cotidiano. No poema...<\/div>\r\n\t\t\t\t\t\t\t\t<a href=\"https:\/\/espacopoiesis.com\/index.php\/2021\/01\/04\/aprendendo-com-o-sofrimento\/\" class=\"bdpp-rdmr-btn\">Leia mais<\/a>\r\n\t\t\t\t\t\t\t<\/div>\r\n\t\t\t\t\t<\/div>\r\n\t<\/div>\r\n<\/div><div class=\"bdpp-post-grid bdpp-col-3 bdpp-columns bdpp-post-263 bdpp-post-image bdpp-has-thumb\">\r\n\t<div class=\"bdpp-post-grid-content\">\r\n\t\t\t\t<div class=\"bdpp-post-img-bg\">\r\n\t\t\t<a href=\"https:\/\/espacopoiesis.com\/index.php\/2021\/01\/01\/autopoiesis\/\">\r\n\t\t\t\t<img decoding=\"async\" src=\"https:\/\/poiesisterapia.files.wordpress.com\/2020\/12\/poiesis-1.png?w=940\" class=\"bdpp-img bdpp-post-feat-img\" alt=\"(Auto)Poiesis\" \/>\r\n\t\t\t<\/a>\r\n\t\t<\/div>\r\n\t\t\r\n\t\t<div class=\"bdpp-post-margin-content\">\r\n\t\t\t\r\n\t\t\t<h2 class=\"bdpp-post-title\">\r\n\t\t\t\t<a href=\"https:\/\/espacopoiesis.com\/index.php\/2021\/01\/01\/autopoiesis\/\">(Auto)Poiesis<\/a>\r\n\t\t\t<\/h2>\r\n\r\n\t\t\t\t\t\t<div class=\"bdpp-post-meta bdpp-post-meta-up\">\r\n\t\t\t\t<span class=\"bdpp-post-meta-data bdpp-post-author\"><i class=\"bdpp-fa fa-solid fa-user\"><\/i>Carlos Wesley<\/span>\t\t\t<\/div>\r\n\t\t\t\t\t\t<div class=\"bdpp-post-content\">\r\n\t\t\t\t<div class=\"bdpp-post-desc\">do Grego Antigo: \u03c0\u03bf\u03af\u03b7\u03c3\u03b9\u03c2 (poiein) &quot;A a\u00e7\u00e3o na qual uma pessoa traz algo \u00e0 exist\u00eancia, sem que este algo existisse...<\/div>\r\n\t\t\t\t\t\t\t\t<a href=\"https:\/\/espacopoiesis.com\/index.php\/2021\/01\/01\/autopoiesis\/\" class=\"bdpp-rdmr-btn\">Leia mais<\/a>\r\n\t\t\t\t\t\t\t<\/div>\r\n\t\t\t\t\t<\/div>\r\n\t<\/div>\r\n<\/div><div class=\"bdpp-post-grid bdpp-col-3 bdpp-columns bdpp-post-177 bdpp-post-standard bdpp-sticky bdpp-has-thumb\">\r\n\t<div class=\"bdpp-post-grid-content\">\r\n\t\t\t\t<div class=\"bdpp-post-img-bg\">\r\n\t\t\t<a href=\"https:\/\/espacopoiesis.com\/index.php\/2020\/12\/28\/a-solidao-da-experiencia\/\">\r\n\t\t\t\t<img decoding=\"async\" src=\"https:\/\/conteudo.imguol.com.br\/c\/tab\/34\/2020\/03\/05\/solidao-1583442992128_v2_1920x1280.jpg\" class=\"bdpp-img bdpp-post-feat-img\" alt=\"A experi\u00eancia da solid\u00e3o\" \/>\r\n\t\t\t<\/a>\r\n\t\t<\/div>\r\n\t\t\r\n\t\t<div class=\"bdpp-post-margin-content\">\r\n\t\t\t\r\n\t\t\t<h2 class=\"bdpp-post-title\">\r\n\t\t\t\t<a href=\"https:\/\/espacopoiesis.com\/index.php\/2020\/12\/28\/a-solidao-da-experiencia\/\">A experi\u00eancia da solid\u00e3o<\/a>\r\n\t\t\t<\/h2>\r\n\r\n\t\t\t\t\t\t<div class=\"bdpp-post-meta bdpp-post-meta-up\">\r\n\t\t\t\t<span class=\"bdpp-post-meta-data bdpp-post-author\"><i class=\"bdpp-fa fa-solid fa-user\"><\/i>Carlos Wesley<\/span>\t\t\t<\/div>\r\n\t\t\t\t\t\t<div class=\"bdpp-post-content\">\r\n\t\t\t\t<div class=\"bdpp-post-desc\">Solid\u00e3o \u00e9 a inviabilidade de sentir-se compreendido por um outro, de estabelecer uma rela\u00e7\u00e3o de qualidade \u00edntima que permita a...<\/div>\r\n\t\t\t\t\t\t\t\t<a href=\"https:\/\/espacopoiesis.com\/index.php\/2020\/12\/28\/a-solidao-da-experiencia\/\" class=\"bdpp-rdmr-btn\">Leia mais<\/a>\r\n\t\t\t\t\t\t\t<\/div>\r\n\t\t\t\t\t<\/div>\r\n\t<\/div>\r\n<\/div><div class=\"bdpp-post-grid bdpp-col-3 bdpp-columns bdpp-post-231 bdpp-post-standard bdpp-has-thumb\">\r\n\t<div class=\"bdpp-post-grid-content\">\r\n\t\t\t\t<div class=\"bdpp-post-img-bg\">\r\n\t\t\t<a href=\"https:\/\/espacopoiesis.com\/index.php\/2020\/12\/28\/o-que-e-arteterapia\/\">\r\n\t\t\t\t<img decoding=\"async\" src=\"https:\/\/poiesisterapia.files.wordpress.com\/2020\/12\/writing-therapy-696x447-1-1.jpeg?w=696\" class=\"bdpp-img bdpp-post-feat-img\" alt=\"O que \u00e9 Arteterapia?\" \/>\r\n\t\t\t<\/a>\r\n\t\t<\/div>\r\n\t\t\r\n\t\t<div class=\"bdpp-post-margin-content\">\r\n\t\t\t\r\n\t\t\t<h2 class=\"bdpp-post-title\">\r\n\t\t\t\t<a href=\"https:\/\/espacopoiesis.com\/index.php\/2020\/12\/28\/o-que-e-arteterapia\/\">O que \u00e9 Arteterapia?<\/a>\r\n\t\t\t<\/h2>\r\n\r\n\t\t\t\t\t\t<div class=\"bdpp-post-meta bdpp-post-meta-up\">\r\n\t\t\t\t<span class=\"bdpp-post-meta-data bdpp-post-author\"><i class=\"bdpp-fa fa-solid fa-user\"><\/i>Carlos Wesley<\/span>\t\t\t<\/div>\r\n\t\t\t\t\t\t<div class=\"bdpp-post-content\">\r\n\t\t\t\t<div class=\"bdpp-post-desc\">O que \u00e9 Arteterapia? A arteterapia \u00e9 um forma de terapia utilizada por diversos profissionais da \u00e1rea da sa\u00fade com...<\/div>\r\n\t\t\t\t\t\t\t\t<a href=\"https:\/\/espacopoiesis.com\/index.php\/2020\/12\/28\/o-que-e-arteterapia\/\" class=\"bdpp-rdmr-btn\">Leia mais<\/a>\r\n\t\t\t\t\t\t\t<\/div>\r\n\t\t\t\t\t<\/div>\r\n\t<\/div>\r\n<\/div>\t<\/div>\r\n\t<\/div>\n","protected":false},"excerpt":{"rendered":"<p>Explore o blog Espa\u00e7o Poiesis para ler sobre temas cl\u00e1ssicos de psicologia, an\u00e1lises de obras de arte, filosofia existencialista e sa\u00fade.<\/p>\n","protected":false},"author":1,"featured_media":0,"parent":0,"menu_order":0,"comment_status":"closed","ping_status":"closed","template":"","meta":{"footnotes":""},"class_list":["post-667","page","type-page","status-publish","hentry"],"aioseo_notices":[],"_links":{"self":[{"href":"https:\/\/espacopoiesis.com\/index.php\/wp-json\/wp\/v2\/pages\/667","targetHints":{"allow":["GET"]}}],"collection":[{"href":"https:\/\/espacopoiesis.com\/index.php\/wp-json\/wp\/v2\/pages"}],"about":[{"href":"https:\/\/espacopoiesis.com\/index.php\/wp-json\/wp\/v2\/types\/page"}],"author":[{"embeddable":true,"href":"https:\/\/espacopoiesis.com\/index.php\/wp-json\/wp\/v2\/users\/1"}],"replies":[{"embeddable":true,"href":"https:\/\/espacopoiesis.com\/index.php\/wp-json\/wp\/v2\/comments?post=667"}],"version-history":[{"count":5,"href":"https:\/\/espacopoiesis.com\/index.php\/wp-json\/wp\/v2\/pages\/667\/revisions"}],"predecessor-version":[{"id":689,"href":"https:\/\/espacopoiesis.com\/index.php\/wp-json\/wp\/v2\/pages\/667\/revisions\/689"}],"wp:attachment":[{"href":"https:\/\/espacopoiesis.com\/index.php\/wp-json\/wp\/v2\/media?parent=667"}],"curies":[{"name":"wp","href":"https:\/\/api.w.org\/{rel}","templated":true}]}}