{"id":562,"date":"2021-05-23T14:44:54","date_gmt":"2021-05-23T17:44:54","guid":{"rendered":"https:\/\/poiesisterapia.wordpress.com\/?page_id=562"},"modified":"2021-05-31T23:59:42","modified_gmt":"2021-06-01T02:59:42","slug":"arterapia","status":"publish","type":"page","link":"https:\/\/espacopoiesis.com\/index.php\/servicos\/arterapia\/","title":{"rendered":"Arteterapia"},"content":{"rendered":"\n<div class=\"wp-block-group alignfull has-white-background-color has-text-color has-background\" style=\"color:#1d1e1e\"><div class=\"wp-block-group__inner-container is-layout-flow wp-block-group-is-layout-flow\">\n<div style=\"height:1px\" aria-hidden=\"true\" class=\"wp-block-spacer\"><\/div>\n\n\n\n<p class=\"has-small-font-size\"><\/p>\n\n\n\n<figure class=\"wp-block-image size-large\"><img decoding=\"async\" src=\"https:\/\/poiesisterapia.files.wordpress.com\/2021\/05\/arttherapy-1024x576-1.jpg?w=1024\" alt=\"M\u00e3os fazendo pintura abstrata em uma sess\u00e3o de arteterapia \" class=\"wp-image-567\"\/><\/figure>\n\n\n\n<p class=\"has-text-align-justify\">A arteterapia \u00e9 um forma de terapia utilizada por diversos profissionais da \u00e1rea da sa\u00fade com diferentes objetivos, desde o campo da sa\u00fade mental, at\u00e9 a reabilita\u00e7\u00e3o motora. Enquanto ferramenta de <strong><a href=\"https:\/\/espacopoiesis.com\/index.php\/servicos\/terapia-individual\/\" title=\"Terapia individual presencial e online\">psicoterapia<\/a><\/strong> \u00e9 uma experi\u00eancia na qual as viv\u00eancias art\u00edsticas s\u00e3o utilizadas com a finalidade de <strong>ampliar a percep\u00e7\u00e3o<\/strong> do sujeito sobre si mesmo e sobre o mundo ao seu redor.<\/p>\n\n\n\n<p class=\"has-text-align-justify\">A concep\u00e7\u00e3o da arte como express\u00e3o da percep\u00e7\u00e3o mais subjetiva do ser humano remonta do final do s\u00e9culo XIX e in\u00edcio do s\u00e9culo XX. No entanto, \u00e9 a partir da d\u00e9cada de 20 que esse recurso passa a ser pensado como <strong>m\u00e9todo terap\u00eautico<\/strong>, sendo abordado por diversas teorias como a psican\u00e1lise, a psicologia anal\u00edtica e posteriormente a <strong>gestalt-terapia.<\/strong><\/p>\n\n\n\n<div class=\"wp-block-image\"><figure class=\"alignleft size-large is-resized\"><img fetchpriority=\"high\" decoding=\"async\" src=\"https:\/\/poiesisterapia.files.wordpress.com\/2021\/05\/art-therapy-clubs.jpg?w=532\" alt=\"Mulher desenhando um autorretrato em uma sess\u00e3o de arterapia.\" class=\"wp-image-566\" width=\"304\" height=\"246\"\/><\/figure><\/div>\n\n\n\n<p class=\"has-text-align-justify\">Seu alcance \u00e9 bastante amplo, pois como ferramenta terap\u00eautica busca <strong>desenvolver recursos f\u00edsicos, cognitivos e emocionais,<\/strong> propiciar o desenvolvimento de habilidades e de potencialidades, favorecendo a utiliza\u00e7\u00e3o de recursos internos na resolu\u00e7\u00e3o de conflitos, e estimular a livre express\u00e3o, oferecendo espa\u00e7o de acolhimento para a externaliza\u00e7\u00e3o de aspectos do mundo subjetivo.<\/p>\n\n\n\n<p class=\"has-text-align-justify\">Nesse sentido, no contexto da psicoterapia o fazer art\u00edstico promove a amplia\u00e7\u00e3o da pr\u00f3pria percep\u00e7\u00e3o, tanto de mundo, como de n\u00f3s mesmos. Trata-se de um processo em que a arte promove consci\u00eancia e elabora\u00e7\u00e3o, uma vez que a partir da compreens\u00e3o ampla das experi\u00eancias do sujeito, \u00e9 poss\u00edvel que este <strong>torne-se autor da pr\u00f3pria hist\u00f3ria e consiga tra\u00e7ar uma experi\u00eancia de vida mais aut\u00f4noma<\/strong>. Nesse contexto, a viv\u00eancia criativa permite um reconhecimento material de conflitos existenciais&nbsp;<\/p>\n\n\n\n<p class=\"has-text-align-justify\">Para o processo terap\u00eautico <strong>n\u00e3o \u00e9 necess\u00e1rio nenhum tipo de habilidade espec\u00edfica<\/strong>, pois o objetivo do processo \u00e9 puramente promover a express\u00e3o, que pode vir atrav\u00e9s da produ\u00e7\u00e3o, ou mesmo da observa\u00e7\u00e3o e aprecia\u00e7\u00e3o de outras obras. A medida em que o sujeito consiga relacionar estas com a sua viv\u00eancia pessoal.<\/p>\n\n\n\n<h3 class=\"has-text-align-center wp-block-heading\"><strong>Agende uma consulta <br>por whatsapp\/Telefone ou preenchendo a solicita\u00e7\u00e3o abaixo<\/strong><\/h3>\n\n\n\n<div class=\"wp-block-buttons is-content-justification-center is-layout-flex wp-block-buttons-is-layout-flex\">\n<div class=\"wp-block-button aligncenter\"><a class=\"wp-block-button__link has-background-color has-text-color has-background\" href=\"https:\/\/wa.me\/5511964363634\" style=\"background-color:#00a30f\" target=\"_blank\" rel=\"noreferrer noopener\">whatsapp<\/a><\/div>\n<\/div>\n\n\n<div class=\"wpforms-container wpforms-container-full wpforms-block\" id=\"wpforms-639\"><form id=\"wpforms-form-639\" class=\"wpforms-validate wpforms-form wpforms-ajax-form\" data-formid=\"639\" method=\"post\" enctype=\"multipart\/form-data\" action=\"\/index.php\/wp-json\/wp\/v2\/pages\/562\" data-token=\"18152ee33ac2b880a255c3cb11062e5e\" data-token-time=\"1777730471\"><noscript class=\"wpforms-error-noscript\">Ative o JavaScript no seu navegador para preencher este formul\u00e1rio.<\/noscript><div class=\"wpforms-field-container\"><div id=\"wpforms-639-field_0-container\" class=\"wpforms-field wpforms-field-name\" data-field-id=\"0\"><label class=\"wpforms-field-label\" for=\"wpforms-639-field_0\">Nome <span class=\"wpforms-required-label\">*<\/span><\/label><input type=\"text\" id=\"wpforms-639-field_0\" class=\"wpforms-field-medium wpforms-field-required\" name=\"wpforms[fields][0]\" required><\/div><div id=\"wpforms-639-field_1-container\" class=\"wpforms-field wpforms-field-email\" data-field-id=\"1\"><label class=\"wpforms-field-label\" for=\"wpforms-639-field_1\">E-mail <span class=\"wpforms-required-label\">*<\/span><\/label><input type=\"email\" id=\"wpforms-639-field_1\" class=\"wpforms-field-medium wpforms-field-required\" name=\"wpforms[fields][1]\" spellcheck=\"false\" required><\/div><div id=\"wpforms-639-field_4-container\" class=\"wpforms-field wpforms-field-number\" data-field-id=\"4\"><label class=\"wpforms-field-label\" for=\"wpforms-639-field_4\">Telefone <span class=\"wpforms-required-label\">*<\/span><\/label><input type=\"number\" id=\"wpforms-639-field_4\" class=\"wpforms-field-medium wpforms-field-required\" name=\"wpforms[fields][4]\" step=\"any\" required><\/div><div id=\"wpforms-639-field_2-container\" class=\"wpforms-field wpforms-field-textarea\" data-field-id=\"2\"><label class=\"wpforms-field-label\" for=\"wpforms-639-field_2\">Coment\u00e1rio ou Mensagem <span class=\"wpforms-required-label\">*<\/span><\/label><textarea id=\"wpforms-639-field_2\" class=\"wpforms-field-medium wpforms-field-required\" name=\"wpforms[fields][2]\" required><\/textarea><\/div><\/div><!-- .wpforms-field-container --><div class=\"wpforms-recaptcha-container wpforms-is-recaptcha wpforms-is-recaptcha-type-invisible\" ><div class=\"g-recaptcha\" data-sitekey=\"cbernardo\" data-size=\"invisible\"><\/div><\/div><div class=\"wpforms-submit-container\" ><input type=\"hidden\" name=\"wpforms[id]\" value=\"639\"><input type=\"hidden\" name=\"page_title\" value=\"\"><input type=\"hidden\" name=\"page_url\" value=\"https:\/\/espacopoiesis.com\/index.php\/wp-json\/wp\/v2\/pages\/562\"><input type=\"hidden\" name=\"url_referer\" value=\"\"><button type=\"submit\" name=\"wpforms[submit]\" id=\"wpforms-submit-639\" class=\"wpforms-submit\" data-alt-text=\"Enviando...\" data-submit-text=\"Enviar\" aria-live=\"assertive\" value=\"wpforms-submit\">Enviar<\/button><img decoding=\"async\" src=\"https:\/\/espacopoiesis.com\/wp-content\/plugins\/wpforms-lite\/assets\/images\/submit-spin.svg\" class=\"wpforms-submit-spinner\" style=\"display: none;\" width=\"26\" height=\"26\" alt=\"Carregando\"><\/div><\/form><\/div>  <!-- .wpforms-container --><\/div><\/div>\n\n\n\n<p>Leia mais no <strong><a href=\"https:\/\/espacopoiesis.com\/index.php\/blog\/\" title=\"Blog\">blog<\/a><\/strong>.<\/p>\n","protected":false},"excerpt":{"rendered":"<p>Esse artigo de Psicologia discorre sobre o que \u00e9 arteterapia e como a arteterapia pode ajudar no desenvolvimento de habilidades socioemocionais. <\/p>\n","protected":false},"author":1,"featured_media":566,"parent":460,"menu_order":3,"comment_status":"closed","ping_status":"closed","template":"","meta":{"footnotes":""},"class_list":["post-562","page","type-page","status-publish","has-post-thumbnail","hentry"],"aioseo_notices":[],"_links":{"self":[{"href":"https:\/\/espacopoiesis.com\/index.php\/wp-json\/wp\/v2\/pages\/562","targetHints":{"allow":["GET"]}}],"collection":[{"href":"https:\/\/espacopoiesis.com\/index.php\/wp-json\/wp\/v2\/pages"}],"about":[{"href":"https:\/\/espacopoiesis.com\/index.php\/wp-json\/wp\/v2\/types\/page"}],"author":[{"embeddable":true,"href":"https:\/\/espacopoiesis.com\/index.php\/wp-json\/wp\/v2\/users\/1"}],"replies":[{"embeddable":true,"href":"https:\/\/espacopoiesis.com\/index.php\/wp-json\/wp\/v2\/comments?post=562"}],"version-history":[{"count":1,"href":"https:\/\/espacopoiesis.com\/index.php\/wp-json\/wp\/v2\/pages\/562\/revisions"}],"predecessor-version":[{"id":656,"href":"https:\/\/espacopoiesis.com\/index.php\/wp-json\/wp\/v2\/pages\/562\/revisions\/656"}],"up":[{"embeddable":true,"href":"https:\/\/espacopoiesis.com\/index.php\/wp-json\/wp\/v2\/pages\/460"}],"wp:featuredmedia":[{"embeddable":true,"href":"https:\/\/espacopoiesis.com\/index.php\/wp-json\/wp\/v2\/menu-items\/566"}],"wp:attachment":[{"href":"https:\/\/espacopoiesis.com\/index.php\/wp-json\/wp\/v2\/media?parent=562"}],"curies":[{"name":"wp","href":"https:\/\/api.w.org\/{rel}","templated":true}]}}