{"id":422,"date":"2021-03-08T00:45:44","date_gmt":"2021-03-08T03:45:44","guid":{"rendered":"https:\/\/poiesisterapia.wordpress.com\/?page_id=422"},"modified":"2025-01-05T18:03:31","modified_gmt":"2025-01-05T21:03:31","slug":"terapia-individual","status":"publish","type":"page","link":"https:\/\/espacopoiesis.com\/index.php\/servicos\/terapia-individual\/","title":{"rendered":"Terapia individual presencial e online"},"content":{"rendered":"\n<div class=\"wp-block-cover alignfull is-light has-parallax\" style=\"min-height:424px;aspect-ratio:unset;\"><span aria-hidden=\"true\" class=\"wp-block-cover__background has-background-dim-20 has-background-dim\" style=\"background-color:#000000\"><\/span><div class=\"wp-block-cover__image-background wp-image-424 has-parallax\" style=\"background-position:50% 50%;background-image:url(https:\/\/poiesisterapia.files.wordpress.com\/2021\/03\/2042-5-therapy-room.jpg)\"><\/div><div class=\"wp-block-cover__inner-container is-layout-flow wp-block-cover-is-layout-flow\">\n<hr class=\"wp-block-separator has-css-opacity\"\/>\n\n\n\n<div style=\"height:20px\" aria-hidden=\"true\" class=\"wp-block-spacer\"><\/div>\n\n\n\n<h1 class=\"wp-block-heading has-text-align-center\"><\/h1>\n\n\n\n<hr class=\"wp-block-separator has-css-opacity\"\/>\n\n\n\n<p><\/p>\n<\/div><\/div>\n\n\n\n<p class=\"has-text-align-justify\">A terapia psicol\u00f3gica ou psicoterapia \u00e9 um termo amplo que se refere ao Cuidado em Sa\u00fade Mental atrav\u00e9s da fala. \u00c9 uma t\u00e9cnica que promove a consci\u00eancia a respeito dos pr\u00f3prios sentimentos, pensamentos e comportamentos, atrav\u00e9s da an\u00e1lise das rela\u00e7\u00f5es que voc\u00ea estabelece com o mundo, com os outros e consigo mesmo. Com isso, a terapia te auxilia a lidar com os conflitos inerentes \u00e0 vida, de modo aberto, aut\u00eantico e mais flex\u00edvel.<\/p>\n\n\n\n<div style=\"height:20px\" aria-hidden=\"true\" class=\"wp-block-spacer\"><\/div>\n\n\n\n<p class=\"has-text-align-justify\">Para isso, s\u00e3o utilizadas t\u00e9cnicas de acolhimento, nas quais voc\u00ea \u00e9 livre para falar da forma que preferir, em um contexto livre de julgamento em que \u00e9 poss\u00edvel refletir e dialogar sobre seu modo de ser no mundo, considerando as constru\u00e7\u00f5es do seu passado e sua perspectiva frente ao futuro.<\/p>\n\n\n\n<p class=\"has-text-align-justify\">\u00c9 atrav\u00e9s desse di\u00e1logo que o terapeuta utiliza estrat\u00e9gias embasadas cientificamente, para estimular sua autopercep\u00e7\u00e3o e fortalecer sua autonomia e liberdade, de modo que possa fazer escolhas mais significativas e alinhadas com suas pr\u00f3prias expectativas e desejos.<\/p>\n\n\n\n<p>Assim, a psicoterapia pode ser uma importante ferramenta para auxiliar a lidar com a din\u00e2mica natural da vida e suas transforma\u00e7\u00f5es, como, por exemplo, na <strong>resolu\u00e7\u00e3o de conflitos<\/strong> de relacionamento; <strong> no tratamento do estresse e da ansiedade<\/strong>; <strong>na adapta\u00e7\u00e3o \u00e0s grandes mudan\u00e7as na vida<\/strong>, como div\u00f3rcio, falecimentos ou perdas de outra ordem; <strong>administra\u00e7\u00e3o de aspectos da personalidade<\/strong>, como agressividade ou impulsividade; <strong>no enfrentamento<\/strong> das doen\u00e7as cr\u00f4nicas ou tratamentos de sa\u00fade; <strong>recupera\u00e7\u00e3o de traumas<\/strong> por viol\u00eancia f\u00edsica, psicol\u00f3gica ou sexual; e <strong>lidar com a pr\u00f3pria sexualidade<\/strong>.<\/p>\n\n\n\n<p>Por fim, a psicoterapia \u00e9 uma ferramenta <strong>indispens\u00e1vel<\/strong> no tratamento de transtorno mentais mais graves, como transtornos de humor, de personalidade, alimentares; depend\u00eancia qu\u00edmica.<\/p>\n\n\n\n<div class=\"wp-block-columns is-layout-flex wp-container-core-columns-is-layout-28f84493 wp-block-columns-is-layout-flex\">\n<div class=\"wp-block-column is-layout-flow wp-block-column-is-layout-flow\">\n<p class=\"has-text-align-center\"><strong>Terapia Presencial<\/strong><\/p>\n\n\n\n<p class=\"has-text-align-justify\">Nessa modalidade, eu ofere\u00e7o terapia para adolescentes e adultos, com dura\u00e7\u00e3o de 50 minutos, na Vila Mariana, em S\u00e3o Paulo, capital.<\/p>\n<\/div>\n\n\n\n<div class=\"wp-block-column is-layout-flow wp-block-column-is-layout-flow\">\n<p class=\"has-text-align-center\"><strong>Terapia Online<\/strong><\/p>\n\n\n\n<p class=\"has-text-align-justify\">Ofere\u00e7o tamb\u00e9m a terapia de forma on-line, atrav\u00e9s da plataforma Google Meet, que te permite acessar os benef\u00edcios da terapia de modo inteiramente personalizado e adaptado a sua rotina, para adolescentes e adultos e com 50 minutos de dura\u00e7\u00e3o.<\/p>\n<\/div>\n<\/div>\n\n\n\n<p class=\"has-text-align-center has-background-color has-primary-background-color has-text-color has-background has-normal-font-size\"><strong>Agende uma sess\u00e3o de terapia <br>por whatsapp\/telefone ou preenchendo a solicita\u00e7\u00e3o abaixo<\/strong><\/p>\n\n\n\n<div class=\"wp-block-buttons is-horizontal is-content-justification-center is-layout-flex wp-container-core-buttons-is-layout-03627597 wp-block-buttons-is-layout-flex\">\n<div class=\"wp-block-button\"><a class=\"wp-block-button__link has-background-color has-text-color has-background wp-element-button\" href=\"https:\/\/wa.me\/5511964363634\" style=\"background-color:#00a30f\" target=\"_blank\" rel=\"noreferrer noopener\">whatsapp<\/a><\/div>\n<\/div>\n\n\n\n<p>Leia mais no <strong><a href=\"https:\/\/espacopoiesis.com\/index.php\/blog\/\" title=\"Blog\">blog<\/a><\/strong>.<\/p>\n","protected":false},"excerpt":{"rendered":"<p>O consult\u00f3rio Poiesis oferece psicoterapia para adolescentes e adultos, em Pinheiros, S\u00e3o Paulo-SP ou online para todo o Brasil. Fa\u00e7a seu or\u00e7amento.<\/p>\n","protected":false},"author":1,"featured_media":0,"parent":460,"menu_order":1,"comment_status":"closed","ping_status":"closed","template":"","meta":{"footnotes":""},"class_list":["post-422","page","type-page","status-publish","hentry"],"aioseo_notices":[],"_links":{"self":[{"href":"https:\/\/espacopoiesis.com\/index.php\/wp-json\/wp\/v2\/pages\/422","targetHints":{"allow":["GET"]}}],"collection":[{"href":"https:\/\/espacopoiesis.com\/index.php\/wp-json\/wp\/v2\/pages"}],"about":[{"href":"https:\/\/espacopoiesis.com\/index.php\/wp-json\/wp\/v2\/types\/page"}],"author":[{"embeddable":true,"href":"https:\/\/espacopoiesis.com\/index.php\/wp-json\/wp\/v2\/users\/1"}],"replies":[{"embeddable":true,"href":"https:\/\/espacopoiesis.com\/index.php\/wp-json\/wp\/v2\/comments?post=422"}],"version-history":[{"count":3,"href":"https:\/\/espacopoiesis.com\/index.php\/wp-json\/wp\/v2\/pages\/422\/revisions"}],"predecessor-version":[{"id":1068,"href":"https:\/\/espacopoiesis.com\/index.php\/wp-json\/wp\/v2\/pages\/422\/revisions\/1068"}],"up":[{"embeddable":true,"href":"https:\/\/espacopoiesis.com\/index.php\/wp-json\/wp\/v2\/pages\/460"}],"wp:attachment":[{"href":"https:\/\/espacopoiesis.com\/index.php\/wp-json\/wp\/v2\/media?parent=422"}],"curies":[{"name":"wp","href":"https:\/\/api.w.org\/{rel}","templated":true}]}}